{"id":382,"date":"2022-07-12T10:56:27","date_gmt":"2022-07-12T10:56:27","guid":{"rendered":"https:\/\/evoiliotech.com\/?page_id=382"},"modified":"2024-05-13T10:59:20","modified_gmt":"2024-05-13T10:59:20","slug":"refund-policy","status":"publish","type":"page","link":"https:\/\/evoiliotech.com\/es\/refund-policy\/","title":{"rendered":"Pol\u00edtica de Reembolso"},"content":{"rendered":"<div data-elementor-type=\"wp-page\" data-elementor-id=\"382\" class=\"elementor elementor-382\">\n\t\t\t\t\t\t\t\t\t<section class=\"elementor-section elementor-top-section elementor-element elementor-element-c7dc9bb elementor-section-height-min-height elementor-section-stretched elementor-section-boxed elementor-section-height-default elementor-section-items-middle\" data-id=\"c7dc9bb\" data-element_type=\"section\" data-settings=\"{&quot;stretch_section&quot;:&quot;section-stretched&quot;,&quot;background_background&quot;:&quot;classic&quot;}\">\n\t\t\t\t\t\t\t<div class=\"elementor-background-overlay\"><\/div>\n\t\t\t\t\t\t\t<div class=\"elementor-container elementor-column-gap-default\">\n\t\t\t\t\t<div class=\"elementor-column elementor-col-100 elementor-top-column elementor-element elementor-element-11ec9a3\" data-id=\"11ec9a3\" data-element_type=\"column\">\n\t\t\t<div class=\"elementor-widget-wrap elementor-element-populated\">\n\t\t\t\t\t\t\t\t<div class=\"elementor-element elementor-element-2bffcff elementor-widget__width-initial elementor-absolute elementor-hidden-mobile elementor-widget elementor-widget-image\" data-id=\"2bffcff\" data-element_type=\"widget\" data-settings=\"{&quot;_position&quot;:&quot;absolute&quot;}\" data-widget_type=\"image.default\">\n\t\t\t\t<div class=\"elementor-widget-container\">\n\t\t\t<style>\/*! elementor - v3.11.2 - 22-02-2023 *\/\n.elementor-widget-image{text-align:center}.elementor-widget-image a{display:inline-block}.elementor-widget-image a img[src$=\".svg\"]{width:48px}.elementor-widget-image img{vertical-align:middle;display:inline-block}<\/style>\t\t\t\t\t\t\t\t\t\t\t\t<img decoding=\"async\" width=\"271\" height=\"191\" src=\"https:\/\/evoiliotech.com\/wp-content\/uploads\/2022\/09\/Group-80378.png\" class=\"attachment-full size-full wp-image-1227\" alt=\"\" \/>\t\t\t\t\t\t\t\t\t\t\t\t\t\t\t<\/div>\n\t\t\t\t<\/div>\n\t\t\t\t\t<\/div>\n\t\t<\/div>\n\t\t\t\t\t\t\t<\/div>\n\t\t<\/section>\n\t\t\t\t<section class=\"elementor-section elementor-top-section elementor-element elementor-element-2e2e9ee8 elementor-section-boxed elementor-section-height-default elementor-section-height-default\" data-id=\"2e2e9ee8\" data-element_type=\"section\">\n\t\t\t\t\t\t<div class=\"elementor-container elementor-column-gap-default\">\n\t\t\t\t\t<div class=\"elementor-column elementor-col-100 elementor-top-column elementor-element elementor-element-18d1a29f\" data-id=\"18d1a29f\" data-element_type=\"column\">\n\t\t\t<div class=\"elementor-widget-wrap elementor-element-populated\">\n\t\t\t\t\t\t\t\t<div class=\"elementor-element elementor-element-26c5584 elementor-widget elementor-widget-text-editor\" data-id=\"26c5584\" data-element_type=\"widget\" data-widget_type=\"text-editor.default\">\n\t\t\t\t<div class=\"elementor-widget-container\">\n\t\t\t<style>\/*! elementor - v3.11.2 - 22-02-2023 *\/\n.elementor-widget-text-editor.elementor-drop-cap-view-stacked .elementor-drop-cap{background-color:#818a91;color:#fff}.elementor-widget-text-editor.elementor-drop-cap-view-framed .elementor-drop-cap{color:#818a91;border:3px solid;background-color:transparent}.elementor-widget-text-editor:not(.elementor-drop-cap-view-default) .elementor-drop-cap{margin-top:8px}.elementor-widget-text-editor:not(.elementor-drop-cap-view-default) .elementor-drop-cap-letter{width:1em;height:1em}.elementor-widget-text-editor .elementor-drop-cap{float:left;text-align:center;line-height:1;font-size:50px}.elementor-widget-text-editor .elementor-drop-cap-letter{display:inline-block}<\/style>\t\t\t\t<p>Gracias por adquirir nuestros servicios en <span style=\"text-decoration: underline;\"><a style=\"color: #1f1e1d; text-decoration: underline;\" href=\"https:\/\/evoiliotech.com\/es\/\">https:\/\/evoiliotech.com\/<\/a><\/span> gestito da Consultingry LTD.<\/p><p>Ofrecemos una garant\u00eda total de devoluci\u00f3n del dinero para todas las compras realizadas en nuestro sitio web. Si no est\u00e1 satisfecho con los servicios que nos ha comprado, tiene que dejar un mensaje en <span style=\"text-decoration: underline;\"><a href=\"mailto:info@evoiliotech.com\">info@evoiliotech.com<\/a><\/span>. Su solicitud se enviar\u00e1 directamente a nuestro departamento financiero, que revisar\u00e1 el caso. El dinero se reembolsar\u00e1 mediante el m\u00e9todo de pago original que utilizaste durante la compra.<br \/><br \/><br \/>Una vez transcurridos 30 d\u00edas, ya no se podr\u00e1 solicitar un reembolso. Recomendamos a nuestros clientes que prueben el servicio durante las dos primeras semanas despu\u00e9s de la compra para asegurarse de que cumple con sus necesidades.<\/p><p>Si tienes alguna pregunta adicional o deseas solicitar un reembolso, no dudes en contactarnos a trav\u00e9s de <a style=\"color: #1f1e1d;\" href=\"mailto:info@evoiliotech.com\"><span style=\"text-decoration: underline;\">info@evoiliotech.com<\/span><\/a>.<\/p>\t\t\t\t\t\t<\/div>\n\t\t\t\t<\/div>\n\t\t\t\t\t<\/div>\n\t\t<\/div>\n\t\t\t\t\t\t\t<\/div>\n\t\t<\/section>\n\t\t\t\t\t\t\t<\/div>","protected":false},"excerpt":{"rendered":"<p>Gracias por comprar nuestros servicios en https:\/\/evoiliotech.com\/ operado por Consultingry LTD. Ofrecemos una garant\u00eda total de devoluci\u00f3n del dinero para todas las compras realizadas en nuestro sitio web. Si no est\u00e1 satisfecho con los servicios que nos ha comprado, tiene que dejar un mensaje en info@evoiliotech.com. Su solicitud se enviar\u00e1 directamente a nuestro departamento financiero, que [...]<\/p>","protected":false},"author":1,"featured_media":0,"parent":0,"menu_order":0,"comment_status":"closed","ping_status":"closed","template":"","meta":{"_monsterinsights_skip_tracking":false,"_monsterinsights_sitenote_active":false,"_monsterinsights_sitenote_note":"","_monsterinsights_sitenote_category":0,"footnotes":""},"yoast_head":"<!-- This site is optimized with the Yoast SEO plugin v19.3 - https:\/\/yoast.com\/wordpress\/plugins\/seo\/ -->\n<title>Refund Policy - Evolio Tech<\/title>\n<meta name=\"robots\" content=\"index, follow, max-snippet:-1, max-image-preview:large, max-video-preview:-1\" \/>\n<link rel=\"canonical\" href=\"https:\/\/evoiliotech.com\/es\/refund-policy\/\" \/>\n<meta property=\"og:locale\" content=\"es_ES\" \/>\n<meta property=\"og:type\" content=\"article\" \/>\n<meta property=\"og:title\" content=\"Refund Policy - Evolio Tech\" \/>\n<meta property=\"og:description\" content=\"Thanks for purchasing our services at https:\/\/evoiliotech.com\/ operated by Consultingry LTD. We offer a full money-back guarantee for all purchases made on our website. If you are unsatisfied with the services you purchased from us, you need to leave a message at info@evoiliotech.com. Your request will be sent directly to our finance department, which will [&hellip;]\" \/>\n<meta property=\"og:url\" content=\"https:\/\/evoiliotech.com\/es\/refund-policy\/\" \/>\n<meta property=\"og:site_name\" content=\"Evolio Tech\" \/>\n<meta property=\"article:modified_time\" content=\"2024-05-13T10:59:20+00:00\" \/>\n<meta property=\"og:image\" content=\"https:\/\/evoiliotech.com\/wp-content\/uploads\/2022\/09\/Group-80378.png\" \/>\n<meta name=\"twitter:card\" content=\"summary_large_image\" \/>\n<meta name=\"twitter:label1\" content=\"Tiempo de lectura\" \/>\n\t<meta name=\"twitter:data1\" content=\"1 minuto\" \/>\n<script type=\"application\/ld+json\" class=\"yoast-schema-graph\">{\"@context\":\"https:\/\/schema.org\",\"@graph\":[{\"@type\":\"WebSite\",\"@id\":\"https:\/\/evoiliotech.com\/#website\",\"url\":\"https:\/\/evoiliotech.com\/\",\"name\":\"Evolio Tech\",\"description\":\"\",\"potentialAction\":[{\"@type\":\"SearchAction\",\"target\":{\"@type\":\"EntryPoint\",\"urlTemplate\":\"https:\/\/evoiliotech.com\/?s={search_term_string}\"},\"query-input\":\"required name=search_term_string\"}],\"inLanguage\":\"es\"},{\"@type\":\"ImageObject\",\"inLanguage\":\"es\",\"@id\":\"https:\/\/evoiliotech.com\/refund-policy\/#primaryimage\",\"url\":\"https:\/\/evoiliotech.com\/wp-content\/uploads\/2022\/09\/Group-80378.png\",\"contentUrl\":\"https:\/\/evoiliotech.com\/wp-content\/uploads\/2022\/09\/Group-80378.png\",\"width\":271,\"height\":191},{\"@type\":\"WebPage\",\"@id\":\"https:\/\/evoiliotech.com\/refund-policy\/\",\"url\":\"https:\/\/evoiliotech.com\/refund-policy\/\",\"name\":\"Refund Policy - Evolio Tech\",\"isPartOf\":{\"@id\":\"https:\/\/evoiliotech.com\/#website\"},\"primaryImageOfPage\":{\"@id\":\"https:\/\/evoiliotech.com\/refund-policy\/#primaryimage\"},\"datePublished\":\"2022-07-12T10:56:27+00:00\",\"dateModified\":\"2024-05-13T10:59:20+00:00\",\"breadcrumb\":{\"@id\":\"https:\/\/evoiliotech.com\/refund-policy\/#breadcrumb\"},\"inLanguage\":\"es\",\"potentialAction\":[{\"@type\":\"ReadAction\",\"target\":[\"https:\/\/evoiliotech.com\/refund-policy\/\"]}]},{\"@type\":\"BreadcrumbList\",\"@id\":\"https:\/\/evoiliotech.com\/refund-policy\/#breadcrumb\",\"itemListElement\":[{\"@type\":\"ListItem\",\"position\":1,\"name\":\"Home\",\"item\":\"https:\/\/evoiliotech.com\/\"},{\"@type\":\"ListItem\",\"position\":2,\"name\":\"Refund Policy\"}]}]}<\/script>\n<!-- \/ Yoast SEO plugin. -->","yoast_head_json":{"title":"Refund Policy - Evolio Tech","robots":{"index":"index","follow":"follow","max-snippet":"max-snippet:-1","max-image-preview":"max-image-preview:large","max-video-preview":"max-video-preview:-1"},"canonical":"https:\/\/evoiliotech.com\/es\/refund-policy\/","og_locale":"es_ES","og_type":"article","og_title":"Refund Policy - Evolio Tech","og_description":"Thanks for purchasing our services at https:\/\/evoiliotech.com\/ operated by Consultingry LTD. We offer a full money-back guarantee for all purchases made on our website. If you are unsatisfied with the services you purchased from us, you need to leave a message at info@evoiliotech.com. Your request will be sent directly to our finance department, which will [&hellip;]","og_url":"https:\/\/evoiliotech.com\/es\/refund-policy\/","og_site_name":"Evolio Tech","article_modified_time":"2024-05-13T10:59:20+00:00","og_image":[{"url":"https:\/\/evoiliotech.com\/wp-content\/uploads\/2022\/09\/Group-80378.png"}],"twitter_card":"summary_large_image","twitter_misc":{"Tiempo de lectura":"1 minuto"},"schema":{"@context":"https:\/\/schema.org","@graph":[{"@type":"WebSite","@id":"https:\/\/evoiliotech.com\/#website","url":"https:\/\/evoiliotech.com\/","name":"Evolio Tech","description":"","potentialAction":[{"@type":"SearchAction","target":{"@type":"EntryPoint","urlTemplate":"https:\/\/evoiliotech.com\/?s={search_term_string}"},"query-input":"required name=search_term_string"}],"inLanguage":"es"},{"@type":"ImageObject","inLanguage":"es","@id":"https:\/\/evoiliotech.com\/refund-policy\/#primaryimage","url":"https:\/\/evoiliotech.com\/wp-content\/uploads\/2022\/09\/Group-80378.png","contentUrl":"https:\/\/evoiliotech.com\/wp-content\/uploads\/2022\/09\/Group-80378.png","width":271,"height":191},{"@type":"WebPage","@id":"https:\/\/evoiliotech.com\/refund-policy\/","url":"https:\/\/evoiliotech.com\/refund-policy\/","name":"Refund Policy - Evolio Tech","isPartOf":{"@id":"https:\/\/evoiliotech.com\/#website"},"primaryImageOfPage":{"@id":"https:\/\/evoiliotech.com\/refund-policy\/#primaryimage"},"datePublished":"2022-07-12T10:56:27+00:00","dateModified":"2024-05-13T10:59:20+00:00","breadcrumb":{"@id":"https:\/\/evoiliotech.com\/refund-policy\/#breadcrumb"},"inLanguage":"es","potentialAction":[{"@type":"ReadAction","target":["https:\/\/evoiliotech.com\/refund-policy\/"]}]},{"@type":"BreadcrumbList","@id":"https:\/\/evoiliotech.com\/refund-policy\/#breadcrumb","itemListElement":[{"@type":"ListItem","position":1,"name":"Home","item":"https:\/\/evoiliotech.com\/"},{"@type":"ListItem","position":2,"name":"Refund Policy"}]}]}},"_links":{"self":[{"href":"https:\/\/evoiliotech.com\/es\/wp-json\/wp\/v2\/pages\/382"}],"collection":[{"href":"https:\/\/evoiliotech.com\/es\/wp-json\/wp\/v2\/pages"}],"about":[{"href":"https:\/\/evoiliotech.com\/es\/wp-json\/wp\/v2\/types\/page"}],"author":[{"embeddable":true,"href":"https:\/\/evoiliotech.com\/es\/wp-json\/wp\/v2\/users\/1"}],"replies":[{"embeddable":true,"href":"https:\/\/evoiliotech.com\/es\/wp-json\/wp\/v2\/comments?post=382"}],"version-history":[{"count":19,"href":"https:\/\/evoiliotech.com\/es\/wp-json\/wp\/v2\/pages\/382\/revisions"}],"predecessor-version":[{"id":16335,"href":"https:\/\/evoiliotech.com\/es\/wp-json\/wp\/v2\/pages\/382\/revisions\/16335"}],"wp:attachment":[{"href":"https:\/\/evoiliotech.com\/es\/wp-json\/wp\/v2\/media?parent=382"}],"curies":[{"name":"wp","href":"https:\/\/api.w.org\/{rel}","templated":true}]}}